{"id":2624,"date":"2024-09-25T16:59:38","date_gmt":"2024-09-25T20:59:38","guid":{"rendered":"https:\/\/www.illusionemploi.org\/hacer-una-donacion\/"},"modified":"2025-10-07T16:34:29","modified_gmt":"2025-10-07T20:34:29","slug":"hacer-una-donacion","status":"publish","type":"page","link":"https:\/\/www.illusionemploi.org\/es\/hacer-una-donacion\/","title":{"rendered":"Hacer una donaci\u00f3n"},"content":{"rendered":"\n<div class=\"wp-block-group alignfull entete-photo-container has-blanc-background-color has-background is-layout-flow wp-block-group-is-layout-flow\">\n<div class=\"wp-block-cover entete-photo entete-photo--parallax\"><span aria-hidden=\"true\" class=\"wp-block-cover__background has-background-dim-0 has-background-dim\" style=\"background-color:#000000\"><\/span><img loading=\"lazy\" decoding=\"async\" width=\"2560\" height=\"1708\" class=\"wp-block-cover__image-background wp-image-1587\" alt=\"\" src=\"https:\/\/www.illusionemploi.org\/wp-content\/uploads\/2024\/10\/Montage-Faire-un-don-2-scaled.jpg\" data-object-fit=\"cover\" srcset=\"https:\/\/www.illusionemploi.org\/wp-content\/uploads\/2024\/10\/Montage-Faire-un-don-2-scaled.jpg 2560w, https:\/\/www.illusionemploi.org\/wp-content\/uploads\/2024\/10\/Montage-Faire-un-don-2-1277x852.jpg 1277w, https:\/\/www.illusionemploi.org\/wp-content\/uploads\/2024\/10\/Montage-Faire-un-don-2-638x426.jpg 638w, https:\/\/www.illusionemploi.org\/wp-content\/uploads\/2024\/10\/Montage-Faire-un-don-2-768x513.jpg 768w, https:\/\/www.illusionemploi.org\/wp-content\/uploads\/2024\/10\/Montage-Faire-un-don-2-1536x1025.jpg 1536w, https:\/\/www.illusionemploi.org\/wp-content\/uploads\/2024\/10\/Montage-Faire-un-don-2-2048x1367.jpg 2048w\" sizes=\"auto, (max-width: 2560px) 100vw, 2560px\" \/><div class=\"wp-block-cover__inner-container is-layout-flow wp-block-cover-is-layout-flow\">\n<div class=\"wp-block-group entete-photo__contenu is-layout-flow wp-block-group-is-layout-flow\">\n<h1 class=\"wp-block-heading\">HACER UNA <br\/>\n  <strong class=\"texte-vert\">DONACI\u00d3N<\/strong>\n<\/h1>\n<\/div>\n<\/div><\/div>\n<\/div>\n\n<div class=\"wp-block-group introduction is-layout-constrained wp-block-group-is-layout-constrained\">\n<div class=\"wp-block-group introduction-en-vedette inview-anim-zoom-in is-layout-constrained wp-block-group-is-layout-constrained\">\n<p class=\"has-text-align-center has-medium-font-size\">\u00bfQuieres apoyarnos? <br\/>\u00a1Puedes hacer una donaci\u00f3n!<\/p>\n\n\n\n<div class=\"wp-block-group graphique-vagues onscroll-move-right-left is-layout-constrained wp-block-group-is-layout-constrained\">\n<div class=\"wp-block-group graphique-vagues-img is-layout-constrained wp-block-group-is-layout-constrained\">\n<p><\/p>\n<\/div>\n<\/div>\n<\/div>\n<\/div>\n\n<p>\u00bfNo puedes ser miembro de Illusion Emploi, pero aun as\u00ed deseas apoyarnos? \u00a1Puedes hacer una donaci\u00f3n! El trabajo de Illusion Emploi est\u00e1 financiado por la Secretar\u00eda de Acci\u00f3n Comunitaria Aut\u00f3noma y de Iniciativas Sociales de Quebec (SACAIS), as\u00ed como por las contribuciones y donaciones de miembros y aliados.  <\/p>\n\n<p>Aunque el financiamiento del SACAIS ha aumentado con los a\u00f1os, sigue siendo insuficiente para cubrir las necesidades de la poblaci\u00f3n en Estrie. Somos un equipo muy peque\u00f1o de solo dos personas para responder a las demandas de las 9 MRC de la regi\u00f3n. Nos vemos obligados a depender de proyectos puntuales, temporales y con recursos limitados en el tiempo para ampliar nuestro equipo.  <\/p>\n\n<p>Como organizaci\u00f3n aut\u00f3noma sin fines de lucro, tus donaciones nos ayudan a defender adecuadamente a las trabajadoras y trabajadores no sindicalizados en Estrie.<\/p>\n\n<div style=\"height:29px\" aria-hidden=\"true\" class=\"wp-block-spacer\"><\/div>\n\n<h4 class=\"wp-block-heading has-text-align-center\"><strong>Ay\u00fadanos a ayudarte<\/strong><\/h4>\n\n<div style=\"height:28px\" aria-hidden=\"true\" class=\"wp-block-spacer\"><\/div>\n\n<div class=\"wp-block-cover alignfull is-light pt-60px pt-lg-80px wp-block-cover--parallax fond-bleu\" style=\"padding-bottom:var(--wp--preset--spacing--60)\"><span aria-hidden=\"true\" class=\"wp-block-cover__background has-bleu-background-color has-background-dim-80 has-background-dim\"><\/span><img loading=\"lazy\" decoding=\"async\" width=\"1800\" height=\"1600\" class=\"wp-block-cover__image-background wp-image-772\" alt=\"\" src=\"https:\/\/www.illusionemploi.org\/wp-content\/uploads\/2024\/09\/fond-bleu-logo-illusion-emploi-background3.jpg\" data-object-fit=\"cover\" srcset=\"https:\/\/www.illusionemploi.org\/wp-content\/uploads\/2024\/09\/fond-bleu-logo-illusion-emploi-background3.jpg 1800w, https:\/\/www.illusionemploi.org\/wp-content\/uploads\/2024\/09\/fond-bleu-logo-illusion-emploi-background3-959x852.jpg 959w, https:\/\/www.illusionemploi.org\/wp-content\/uploads\/2024\/09\/fond-bleu-logo-illusion-emploi-background3-479x426.jpg 479w, https:\/\/www.illusionemploi.org\/wp-content\/uploads\/2024\/09\/fond-bleu-logo-illusion-emploi-background3-768x683.jpg 768w, https:\/\/www.illusionemploi.org\/wp-content\/uploads\/2024\/09\/fond-bleu-logo-illusion-emploi-background3-1536x1365.jpg 1536w\" sizes=\"auto, (max-width: 1800px) 100vw, 1800px\" \/><div class=\"wp-block-cover__inner-container is-layout-constrained wp-block-cover-is-layout-constrained\">\n<div id=\"revendications\" class=\"wp-block-group container is-layout-constrained wp-block-group-is-layout-constrained\">\n<h4 class=\"wp-block-heading has-text-align-center has-blanc-color has-text-color has-link-color wp-elements-bdeca074ad89d4ac81e09f93db150bce\" style=\"margin-top:0;margin-bottom:23px\"><strong>VARIAS FORMAS DE HACER UNA DONACI\u00d3N<\/strong><\/h4>\n\n\n\n<p class=\"has-text-align-center has-blanc-color has-text-color has-link-color has-medium-font-size wp-elements-9bd7752591d740de3d6608b992c34a83\">Puedes hacer una donaci\u00f3n de las siguientes 4 formas:<\/p>\n\n\n\n<div style=\"height:30px\" aria-hidden=\"true\" class=\"wp-block-spacer\"><\/div>\n\n\n\n<div class=\"wp-block-columns row-cols-lg-2 g-lg-50px align-items-stretch is-layout-flex wp-container-core-columns-is-layout-9d6595d7 wp-block-columns-is-layout-flex\">\n<div class=\"wp-block-column m-0 is-layout-flow wp-block-column-is-layout-flow\">\n<div class=\"wp-block-group encadre encadre--blanc min-height-200px d-flex justify-content-start align-items-center is-layout-constrained wp-block-group-is-layout-constrained\" style=\"margin-bottom:50px\">\n<div class=\"wp-block-group w-100 is-layout-constrained wp-block-group-is-layout-constrained\">\n<p class=\"has-text-align-left has-large-font-size\" style=\"margin-bottom:0\"><strong>Por transferencia<\/strong><\/p>\n\n\n\n<p class=\"has-text-align-left has-medium-font-size\">Transferencia Interac a trav\u00e9s de nuestro correo electr\u00f3nico:<br\/>\n  <a href=\"mailto:info@illusionemploi.org\">info@illusionemploi.org<\/a>\n<\/p>\n<\/div>\n<\/div>\n<\/div>\n\n\n\n<div class=\"wp-block-column m-0 is-layout-flow wp-block-column-is-layout-flow\">\n<div class=\"wp-block-group encadre encadre--blanc min-height-200px d-flex justify-content-start align-items-center is-layout-constrained wp-block-group-is-layout-constrained\" style=\"margin-bottom:50px\">\n<div class=\"wp-block-group w-100 is-layout-constrained wp-block-group-is-layout-constrained\">\n<p class=\"has-text-align-left has-large-font-size\" style=\"margin-bottom:0\"><strong>En l\u00ednea<\/strong><\/p>\n\n\n\n<div style=\"height:22px\" aria-hidden=\"true\" class=\"wp-block-spacer\"><\/div>\n\n\n\n<div class=\"wp-block-buttons is-layout-flex wp-block-buttons-is-layout-flex\">\n<div class=\"wp-block-button\"><a class=\"wp-block-button__link has-bleu-color has-white-background-color has-text-color has-background has-link-color wp-element-button\" href=\"https:\/\/www.zeffy.com\/fr-CA\/ticketing\/54797450-9608-459f-8391-e23e4ace216a\" target=\"_blank\" rel=\"noreferrer noopener\">HACER UNA DONACI\u00d3N EN L\u00cdNEA<\/a><\/div>\n<\/div>\n<\/div>\n<\/div>\n<\/div>\n<\/div>\n\n\n\n<div class=\"wp-block-columns row-cols-lg-2 g-lg-50px align-items-stretch is-layout-flex wp-container-core-columns-is-layout-9d6595d7 wp-block-columns-is-layout-flex\">\n<div class=\"wp-block-column m-0 is-layout-flow wp-block-column-is-layout-flow\">\n<div class=\"wp-block-group encadre encadre--blanc min-height-200px d-flex justify-content-start align-items-center is-layout-constrained wp-block-group-is-layout-constrained\" style=\"margin-bottom:50px\">\n<div class=\"wp-block-group w-100 is-layout-constrained wp-block-group-is-layout-constrained\">\n<p class=\"has-text-align-left has-large-font-size\" style=\"margin-bottom:0\"><strong>Por cheque<\/strong><\/p>\n\n\n\n<p class=\"has-text-align-left has-medium-font-size\">Hacer el cheque a <strong>Illusion Emploi<\/strong>. <br\/>Enviarlo por correo o entregarlo en nuestras oficinas.<\/p>\n<\/div>\n<\/div>\n<\/div>\n\n\n\n<div class=\"wp-block-column m-0 is-layout-flow wp-block-column-is-layout-flow\">\n<div class=\"wp-block-group encadre encadre--blanc min-height-200px d-flex justify-content-start align-items-center is-layout-constrained wp-block-group-is-layout-constrained\" style=\"margin-bottom:50px\">\n<div class=\"wp-block-group w-100 is-layout-constrained wp-block-group-is-layout-constrained\">\n<p class=\"has-text-align-left has-large-font-size\" style=\"margin-bottom:0\"><strong>Con dinero<\/strong><\/p>\n\n\n\n<p class=\"has-text-align-left has-medium-font-size\">Puedes depositar dinero en nuestras oficinas.<\/p>\n<\/div>\n<\/div>\n<\/div>\n<\/div>\n\n\n\n<div style=\"height:58px\" aria-hidden=\"true\" class=\"wp-block-spacer\"><\/div>\n<\/div>\n<\/div><\/div>\n\n<div style=\"height:60px\" aria-hidden=\"true\" class=\"wp-block-spacer\"><\/div>\n\n<p class=\"has-text-align-center\">Proporcionamos recibos para cr\u00e9ditos fiscales.<\/p>\n\n<div style=\"height:60px\" aria-hidden=\"true\" class=\"wp-block-spacer\"><\/div>\n\n<p><\/p>\n","protected":false},"excerpt":{"rendered":"<p>\u00bfQuieres apoyarnos? \u00a1Puedes hacer una donaci\u00f3n! \u00bfNo puedes ser miembro de Illusion Emploi, pero aun as\u00ed deseas apoyarnos? \u00a1Puedes hacer una donaci\u00f3n! El trabajo de Illusion Emploi est\u00e1 financiado por la Secretar\u00eda de Acci\u00f3n Comunitaria Aut\u00f3noma y de Iniciativas Sociales de Quebec (SACAIS), as\u00ed como por las contribuciones y donaciones de miembros y aliados. Aunque<\/p>\n","protected":false},"author":3454,"featured_media":0,"parent":0,"menu_order":0,"comment_status":"closed","ping_status":"closed","template":"pages-templates\/page_standard_sans_marge_footer.php","meta":{"footnotes":""},"class_list":["post-2624","page","type-page","status-publish","hentry"],"yoast_head":"<!-- This site is optimized with the Yoast SEO plugin v27.4 - https:\/\/yoast.com\/product\/yoast-seo-wordpress\/ -->\n<title>Hacer una donaci\u00f3n - Illusion Emploi<\/title>\n<meta name=\"robots\" content=\"index, follow, max-snippet:-1, max-image-preview:large, max-video-preview:-1\" \/>\n<link rel=\"canonical\" href=\"https:\/\/www.illusionemploi.org\/es\/hacer-una-donacion\/\" \/>\n<meta property=\"og:locale\" content=\"es_ES\" \/>\n<meta property=\"og:type\" content=\"article\" \/>\n<meta property=\"og:title\" content=\"Hacer una donaci\u00f3n - Illusion Emploi\" \/>\n<meta property=\"og:description\" content=\"\u00bfQuieres apoyarnos? \u00a1Puedes hacer una donaci\u00f3n! \u00bfNo puedes ser miembro de Illusion Emploi, pero aun as\u00ed deseas apoyarnos? \u00a1Puedes hacer una donaci\u00f3n! El trabajo de Illusion Emploi est\u00e1 financiado por la Secretar\u00eda de Acci\u00f3n Comunitaria Aut\u00f3noma y de Iniciativas Sociales de Quebec (SACAIS), as\u00ed como por las contribuciones y donaciones de miembros y aliados. Aunque\" \/>\n<meta property=\"og:url\" content=\"https:\/\/www.illusionemploi.org\/es\/hacer-una-donacion\/\" \/>\n<meta property=\"og:site_name\" content=\"Illusion Emploi\" \/>\n<meta property=\"article:publisher\" content=\"https:\/\/www.facebook.com\/profile.php?id=100068272669446\" \/>\n<meta property=\"article:modified_time\" content=\"2025-10-07T20:34:29+00:00\" \/>\n<meta property=\"og:image\" content=\"https:\/\/www.illusionemploi.org\/wp-content\/uploads\/2024\/10\/Montage-Faire-un-don-2-scaled.jpg\" \/>\n\t<meta property=\"og:image:width\" content=\"2560\" \/>\n\t<meta property=\"og:image:height\" content=\"1708\" \/>\n\t<meta property=\"og:image:type\" content=\"image\/jpeg\" \/>\n<meta name=\"twitter:card\" content=\"summary_large_image\" \/>\n<script type=\"application\/ld+json\" class=\"yoast-schema-graph\">{\"@context\":\"https:\\\/\\\/schema.org\",\"@graph\":[{\"@type\":\"WebPage\",\"@id\":\"https:\\\/\\\/www.illusionemploi.org\\\/es\\\/hacer-una-donacion\\\/\",\"url\":\"https:\\\/\\\/www.illusionemploi.org\\\/es\\\/hacer-una-donacion\\\/\",\"name\":\"Hacer una donaci\u00f3n - Illusion Emploi\",\"isPartOf\":{\"@id\":\"https:\\\/\\\/www.illusionemploi.org\\\/es\\\/#website\"},\"primaryImageOfPage\":{\"@id\":\"https:\\\/\\\/www.illusionemploi.org\\\/es\\\/hacer-una-donacion\\\/#primaryimage\"},\"image\":{\"@id\":\"https:\\\/\\\/www.illusionemploi.org\\\/es\\\/hacer-una-donacion\\\/#primaryimage\"},\"thumbnailUrl\":\"https:\\\/\\\/www.illusionemploi.org\\\/wp-content\\\/uploads\\\/2024\\\/10\\\/Montage-Faire-un-don-2-scaled.jpg\",\"datePublished\":\"2024-09-25T20:59:38+00:00\",\"dateModified\":\"2025-10-07T20:34:29+00:00\",\"breadcrumb\":{\"@id\":\"https:\\\/\\\/www.illusionemploi.org\\\/es\\\/hacer-una-donacion\\\/#breadcrumb\"},\"inLanguage\":\"es\",\"potentialAction\":[{\"@type\":\"ReadAction\",\"target\":[\"https:\\\/\\\/www.illusionemploi.org\\\/es\\\/hacer-una-donacion\\\/\"]}]},{\"@type\":\"ImageObject\",\"inLanguage\":\"es\",\"@id\":\"https:\\\/\\\/www.illusionemploi.org\\\/es\\\/hacer-una-donacion\\\/#primaryimage\",\"url\":\"https:\\\/\\\/www.illusionemploi.org\\\/wp-content\\\/uploads\\\/2024\\\/10\\\/Montage-Faire-un-don-2-scaled.jpg\",\"contentUrl\":\"https:\\\/\\\/www.illusionemploi.org\\\/wp-content\\\/uploads\\\/2024\\\/10\\\/Montage-Faire-un-don-2-scaled.jpg\"},{\"@type\":\"BreadcrumbList\",\"@id\":\"https:\\\/\\\/www.illusionemploi.org\\\/es\\\/hacer-una-donacion\\\/#breadcrumb\",\"itemListElement\":[{\"@type\":\"ListItem\",\"position\":1,\"name\":\"Home\",\"item\":\"https:\\\/\\\/www.illusionemploi.org\\\/es\\\/\"},{\"@type\":\"ListItem\",\"position\":2,\"name\":\"Hacer una donaci\u00f3n\"}]},{\"@type\":\"WebSite\",\"@id\":\"https:\\\/\\\/www.illusionemploi.org\\\/es\\\/#website\",\"url\":\"https:\\\/\\\/www.illusionemploi.org\\\/es\\\/\",\"name\":\"Illusion Emploi\",\"description\":\"\",\"publisher\":{\"@id\":\"https:\\\/\\\/www.illusionemploi.org\\\/es\\\/#organization\"},\"potentialAction\":[{\"@type\":\"SearchAction\",\"target\":{\"@type\":\"EntryPoint\",\"urlTemplate\":\"https:\\\/\\\/www.illusionemploi.org\\\/es\\\/?s={search_term_string}\"},\"query-input\":{\"@type\":\"PropertyValueSpecification\",\"valueRequired\":true,\"valueName\":\"search_term_string\"}}],\"inLanguage\":\"es\"},{\"@type\":\"Organization\",\"@id\":\"https:\\\/\\\/www.illusionemploi.org\\\/es\\\/#organization\",\"name\":\"Illusion Emploi\",\"url\":\"https:\\\/\\\/www.illusionemploi.org\\\/es\\\/\",\"logo\":{\"@type\":\"ImageObject\",\"inLanguage\":\"es\",\"@id\":\"https:\\\/\\\/www.illusionemploi.org\\\/es\\\/#\\\/schema\\\/logo\\\/image\\\/\",\"url\":\"https:\\\/\\\/www.illusionemploi.org\\\/wp-content\\\/uploads\\\/2025\\\/01\\\/logo-dans-carre.png\",\"contentUrl\":\"https:\\\/\\\/www.illusionemploi.org\\\/wp-content\\\/uploads\\\/2025\\\/01\\\/logo-dans-carre.png\",\"width\":1000,\"height\":1000,\"caption\":\"Illusion Emploi\"},\"image\":{\"@id\":\"https:\\\/\\\/www.illusionemploi.org\\\/es\\\/#\\\/schema\\\/logo\\\/image\\\/\"},\"sameAs\":[\"https:\\\/\\\/www.facebook.com\\\/profile.php?id=100068272669446\"]}]}<\/script>\n<!-- \/ Yoast SEO plugin. -->","yoast_head_json":{"title":"Hacer una donaci\u00f3n - Illusion Emploi","robots":{"index":"index","follow":"follow","max-snippet":"max-snippet:-1","max-image-preview":"max-image-preview:large","max-video-preview":"max-video-preview:-1"},"canonical":"https:\/\/www.illusionemploi.org\/es\/hacer-una-donacion\/","og_locale":"es_ES","og_type":"article","og_title":"Hacer una donaci\u00f3n - Illusion Emploi","og_description":"\u00bfQuieres apoyarnos? \u00a1Puedes hacer una donaci\u00f3n! \u00bfNo puedes ser miembro de Illusion Emploi, pero aun as\u00ed deseas apoyarnos? \u00a1Puedes hacer una donaci\u00f3n! El trabajo de Illusion Emploi est\u00e1 financiado por la Secretar\u00eda de Acci\u00f3n Comunitaria Aut\u00f3noma y de Iniciativas Sociales de Quebec (SACAIS), as\u00ed como por las contribuciones y donaciones de miembros y aliados. Aunque","og_url":"https:\/\/www.illusionemploi.org\/es\/hacer-una-donacion\/","og_site_name":"Illusion Emploi","article_publisher":"https:\/\/www.facebook.com\/profile.php?id=100068272669446","article_modified_time":"2025-10-07T20:34:29+00:00","og_image":[{"width":2560,"height":1708,"url":"https:\/\/www.illusionemploi.org\/wp-content\/uploads\/2024\/10\/Montage-Faire-un-don-2-scaled.jpg","type":"image\/jpeg"}],"twitter_card":"summary_large_image","schema":{"@context":"https:\/\/schema.org","@graph":[{"@type":"WebPage","@id":"https:\/\/www.illusionemploi.org\/es\/hacer-una-donacion\/","url":"https:\/\/www.illusionemploi.org\/es\/hacer-una-donacion\/","name":"Hacer una donaci\u00f3n - Illusion Emploi","isPartOf":{"@id":"https:\/\/www.illusionemploi.org\/es\/#website"},"primaryImageOfPage":{"@id":"https:\/\/www.illusionemploi.org\/es\/hacer-una-donacion\/#primaryimage"},"image":{"@id":"https:\/\/www.illusionemploi.org\/es\/hacer-una-donacion\/#primaryimage"},"thumbnailUrl":"https:\/\/www.illusionemploi.org\/wp-content\/uploads\/2024\/10\/Montage-Faire-un-don-2-scaled.jpg","datePublished":"2024-09-25T20:59:38+00:00","dateModified":"2025-10-07T20:34:29+00:00","breadcrumb":{"@id":"https:\/\/www.illusionemploi.org\/es\/hacer-una-donacion\/#breadcrumb"},"inLanguage":"es","potentialAction":[{"@type":"ReadAction","target":["https:\/\/www.illusionemploi.org\/es\/hacer-una-donacion\/"]}]},{"@type":"ImageObject","inLanguage":"es","@id":"https:\/\/www.illusionemploi.org\/es\/hacer-una-donacion\/#primaryimage","url":"https:\/\/www.illusionemploi.org\/wp-content\/uploads\/2024\/10\/Montage-Faire-un-don-2-scaled.jpg","contentUrl":"https:\/\/www.illusionemploi.org\/wp-content\/uploads\/2024\/10\/Montage-Faire-un-don-2-scaled.jpg"},{"@type":"BreadcrumbList","@id":"https:\/\/www.illusionemploi.org\/es\/hacer-una-donacion\/#breadcrumb","itemListElement":[{"@type":"ListItem","position":1,"name":"Home","item":"https:\/\/www.illusionemploi.org\/es\/"},{"@type":"ListItem","position":2,"name":"Hacer una donaci\u00f3n"}]},{"@type":"WebSite","@id":"https:\/\/www.illusionemploi.org\/es\/#website","url":"https:\/\/www.illusionemploi.org\/es\/","name":"Illusion Emploi","description":"","publisher":{"@id":"https:\/\/www.illusionemploi.org\/es\/#organization"},"potentialAction":[{"@type":"SearchAction","target":{"@type":"EntryPoint","urlTemplate":"https:\/\/www.illusionemploi.org\/es\/?s={search_term_string}"},"query-input":{"@type":"PropertyValueSpecification","valueRequired":true,"valueName":"search_term_string"}}],"inLanguage":"es"},{"@type":"Organization","@id":"https:\/\/www.illusionemploi.org\/es\/#organization","name":"Illusion Emploi","url":"https:\/\/www.illusionemploi.org\/es\/","logo":{"@type":"ImageObject","inLanguage":"es","@id":"https:\/\/www.illusionemploi.org\/es\/#\/schema\/logo\/image\/","url":"https:\/\/www.illusionemploi.org\/wp-content\/uploads\/2025\/01\/logo-dans-carre.png","contentUrl":"https:\/\/www.illusionemploi.org\/wp-content\/uploads\/2025\/01\/logo-dans-carre.png","width":1000,"height":1000,"caption":"Illusion Emploi"},"image":{"@id":"https:\/\/www.illusionemploi.org\/es\/#\/schema\/logo\/image\/"},"sameAs":["https:\/\/www.facebook.com\/profile.php?id=100068272669446"]}]}},"_links":{"self":[{"href":"https:\/\/www.illusionemploi.org\/es\/wp-json\/wp\/v2\/pages\/2624","targetHints":{"allow":["GET"]}}],"collection":[{"href":"https:\/\/www.illusionemploi.org\/es\/wp-json\/wp\/v2\/pages"}],"about":[{"href":"https:\/\/www.illusionemploi.org\/es\/wp-json\/wp\/v2\/types\/page"}],"author":[{"embeddable":true,"href":"https:\/\/www.illusionemploi.org\/es\/wp-json\/wp\/v2\/users\/3454"}],"replies":[{"embeddable":true,"href":"https:\/\/www.illusionemploi.org\/es\/wp-json\/wp\/v2\/comments?post=2624"}],"version-history":[{"count":1,"href":"https:\/\/www.illusionemploi.org\/es\/wp-json\/wp\/v2\/pages\/2624\/revisions"}],"predecessor-version":[{"id":2631,"href":"https:\/\/www.illusionemploi.org\/es\/wp-json\/wp\/v2\/pages\/2624\/revisions\/2631"}],"wp:attachment":[{"href":"https:\/\/www.illusionemploi.org\/es\/wp-json\/wp\/v2\/media?parent=2624"}],"curies":[{"name":"wp","href":"https:\/\/api.w.org\/{rel}","templated":true}]}}