{"id":2607,"date":"2024-09-26T15:14:16","date_gmt":"2024-09-26T19:14:16","guid":{"rendered":"https:\/\/www.illusionemploi.org\/hacerme-miembro\/"},"modified":"2025-10-07T16:25:39","modified_gmt":"2025-10-07T20:25:39","slug":"hacerme-miembro","status":"publish","type":"page","link":"https:\/\/www.illusionemploi.org\/es\/hacerme-miembro\/","title":{"rendered":"HACERME MIEMBRO"},"content":{"rendered":"\n<div class=\"wp-block-group alignfull entete-photo-container has-blanc-background-color has-background is-layout-flow wp-block-group-is-layout-flow\">\n<div class=\"wp-block-cover entete-photo entete-photo--parallax\"><img loading=\"lazy\" decoding=\"async\" width=\"2048\" height=\"1010\" class=\"wp-block-cover__image-background wp-image-1074\" alt=\"\" src=\"https:\/\/www.illusionemploi.org\/wp-content\/uploads\/2024\/09\/AGA-2023-copy.jpg\" data-object-fit=\"cover\" srcset=\"https:\/\/www.illusionemploi.org\/wp-content\/uploads\/2024\/09\/AGA-2023-copy.jpg 2048w, https:\/\/www.illusionemploi.org\/wp-content\/uploads\/2024\/09\/AGA-2023-copy-1280x631.jpg 1280w, https:\/\/www.illusionemploi.org\/wp-content\/uploads\/2024\/09\/AGA-2023-copy-640x316.jpg 640w, https:\/\/www.illusionemploi.org\/wp-content\/uploads\/2024\/09\/AGA-2023-copy-768x379.jpg 768w, https:\/\/www.illusionemploi.org\/wp-content\/uploads\/2024\/09\/AGA-2023-copy-1536x758.jpg 1536w\" sizes=\"auto, (max-width: 2048px) 100vw, 2048px\" \/><span aria-hidden=\"true\" class=\"wp-block-cover__background has-background-dim-0 has-background-dim\" style=\"background-color:#000000\"><\/span><div class=\"wp-block-cover__inner-container is-layout-flow wp-block-cover-is-layout-flow\">\n<div class=\"wp-block-group entete-photo__contenu is-layout-flow wp-block-group-is-layout-flow\">\n<h1 class=\"wp-block-heading\">HACERSE <br \/>\n  <strong class=\"texte-vert\">MIEMBRO<\/strong>\n<\/h1>\n<\/div>\n<\/div><\/div>\n<\/div>\n\n<div class=\"wp-block-group introduction is-layout-constrained wp-block-group-is-layout-constrained\">\n<div class=\"wp-block-group introduction-en-vedette inview-anim-zoom-in is-layout-constrained wp-block-group-is-layout-constrained\">\n<p class=\"has-text-align-center has-medium-font-size\">Si est\u00e1s de acuerdo con nuestra misi\u00f3n y nuestras demandas,<br \/>\u00a1Puedes hacerte miembro!<\/p>\n\n\n\n<div class=\"wp-block-group graphique-vagues onscroll-move-right-left is-layout-constrained wp-block-group-is-layout-constrained\">\n<div class=\"wp-block-group graphique-vagues-img is-layout-constrained wp-block-group-is-layout-constrained\">\n<p><\/p>\n<\/div>\n<\/div>\n<\/div>\n<\/div>\n\n<p class=\"has-text-align-center\"> Los miembros de Illusion Emploi est\u00e1n en el coraz\u00f3n de la vida democr\u00e1tica y social de la organizaci\u00f3n. <br \/>La cuota anual de membres\u00eda por persona es de $10. <br \/><br \/> <strong>Para ser miembro:<\/strong><\/p>\n\n<div class=\"wp-block-group encadre-vedette is-layout-constrained wp-block-group-is-layout-constrained\">\n<ul class=\"wp-block-list\">\n<li class=\"has-medium-font-size\"><strong>Debe ser una persona individual<\/strong><br \/>Ya sea que tenga empleo o no, y est\u00e9 sindicalizado\/a o no.<br \/>Las organizaciones no pueden ser miembros.<br \/><\/li>\n\n\n\n<li class=\"has-medium-font-size\"><strong>Debe adherir a nuestra misi\u00f3n<\/strong><br \/>Defender los intereses y derechos de las trabajadoras y trabajadores no sindicalizados\/as, y luchar por la mejora de sus condiciones de trabajo y de vida.<span style=\"font-size: medium\"><\/span><br \/><span style=\"font-size: medium\"><\/span><\/li>\n<\/ul>\n<\/div>\n\n<div style=\"height:50px\" aria-hidden=\"true\" class=\"wp-block-spacer\"><\/div>\n\n<div class=\"wp-block-buttons is-content-justification-center is-layout-flex wp-container-core-buttons-is-layout-16018d1d wp-block-buttons-is-layout-flex\">\n<div class=\"wp-block-button\"><a class=\"wp-block-button__link wp-element-button\" href=\"https:\/\/www.zeffy.com\/fr-CA\/ticketing\/54797450-9608-459f-8391-e23e4ace216a\" target=\"_blank\" rel=\"noreferrer noopener\">FORMULARIO PARA HACERSE MIEMBRO<\/a><\/div>\n<\/div>\n\n<p class=\"has-text-align-center\"><br \/>Pague en l\u00ednea completando el formulario o mediante transferencia Interac al correo electr\u00f3nico <a href=\"mailto:info@illusionemploi.org\">info@illusionemploi.org<\/a>. <br \/>Tambi\u00e9n puede pagar en efectivo en <a href=\"https:\/\/www.illusionemploi.org\/es\/contacto\/\">nuestras oficinas<\/a>.<\/p>\n\n<div style=\"height:29px\" aria-hidden=\"true\" class=\"wp-block-spacer\"><\/div>\n\n<h4 class=\"wp-block-heading has-text-align-center\"><strong>\u00a1Apoye la causa!<\/strong><\/h4>\n\n<div style=\"height:28px\" aria-hidden=\"true\" class=\"wp-block-spacer\"><\/div>\n\n<div class=\"wp-block-cover alignfull is-light pt-60px pt-lg-80px wp-block-cover--parallax fond-bleu\" style=\"padding-bottom:var(--wp--preset--spacing--60)\"><img loading=\"lazy\" decoding=\"async\" width=\"1800\" height=\"1600\" class=\"wp-block-cover__image-background wp-image-772\" alt=\"\" src=\"https:\/\/www.illusionemploi.org\/wp-content\/uploads\/2024\/09\/fond-bleu-logo-illusion-emploi-background3.jpg\" data-object-fit=\"cover\" srcset=\"https:\/\/www.illusionemploi.org\/wp-content\/uploads\/2024\/09\/fond-bleu-logo-illusion-emploi-background3.jpg 1800w, https:\/\/www.illusionemploi.org\/wp-content\/uploads\/2024\/09\/fond-bleu-logo-illusion-emploi-background3-959x852.jpg 959w, https:\/\/www.illusionemploi.org\/wp-content\/uploads\/2024\/09\/fond-bleu-logo-illusion-emploi-background3-479x426.jpg 479w, https:\/\/www.illusionemploi.org\/wp-content\/uploads\/2024\/09\/fond-bleu-logo-illusion-emploi-background3-768x683.jpg 768w, https:\/\/www.illusionemploi.org\/wp-content\/uploads\/2024\/09\/fond-bleu-logo-illusion-emploi-background3-1536x1365.jpg 1536w\" sizes=\"auto, (max-width: 1800px) 100vw, 1800px\" \/><span aria-hidden=\"true\" class=\"wp-block-cover__background has-bleu-background-color has-background-dim-80 has-background-dim\"><\/span><div class=\"wp-block-cover__inner-container is-layout-constrained wp-block-cover-is-layout-constrained\">\n<div id=\"revendications\" class=\"wp-block-group container is-layout-constrained wp-block-group-is-layout-constrained\">\n<h4 class=\"wp-block-heading has-text-align-center has-blanc-color has-text-color has-link-color wp-elements-25d5996dcb5fb6081ecb36408324d006\" style=\"margin-top:0;margin-bottom:23px\"><strong>\u00bfPOR QU\u00c9 HACERSE MIEMBRO?<\/strong><\/h4>\n\n\n\n<p class=\"has-text-align-center has-blanc-color has-text-color has-link-color has-medium-font-size wp-elements-f02f20fb66e8802c3b4c5db2e53c8579\">Aqu\u00ed tienes algunas ventajas y buenas razones para apoyar la causa:<\/p>\n\n\n\n<div style=\"height:30px\" aria-hidden=\"true\" class=\"wp-block-spacer\"><\/div>\n\n\n\n<div class=\"wp-block-group encadre encadre--blanc min-height-200px d-flex justify-content-start align-items-center is-layout-constrained wp-block-group-is-layout-constrained\" style=\"margin-bottom:50px\">\n<div class=\"wp-block-group w-100 is-layout-constrained wp-block-group-is-layout-constrained\">\n<ul class=\"wp-block-list\">\n<li>Recibir\u00e1s nuestro bolet\u00edn mensual.<\/li>\n\n\n\n<li>Recibir\u00e1s nuestro peri\u00f3dico trimestral \u201cLa D\u00e9route\u201d.<\/li>\n\n\n\n<li>Estar\u00e1s informado\/a de nuestras actividades, acciones y luchas (formaciones, coloquios, charlas con comida, etc.).<\/li>\n\n\n\n<li>Estar\u00e1s informado\/a de los cambios realizados en varios aspectos del derecho laboral.<\/li>\n\n\n\n<li>Podr\u00e1s contribuir a la vida asociativa de nuestra organizaci\u00f3n, especialmente participando en nuestras actividades sociales y pol\u00edticas, teniendo derecho a voto en las asambleas, involucr\u00e1ndote en nuestros comit\u00e9s de trabajo o formando parte de nuestro consejo de administraci\u00f3n.<\/li>\n\n\n\n<li>Aumentar\u00e1s el peso pol\u00edtico y el alcance de las acciones de Illusion Emploi ante las personas no sindicalizadas.<\/li>\n<\/ul>\n<\/div>\n<\/div>\n\n\n\n<div style=\"height:58px\" aria-hidden=\"true\" class=\"wp-block-spacer\"><\/div>\n<\/div>\n<\/div><\/div>\n\n<div style=\"height:60px\" aria-hidden=\"true\" class=\"wp-block-spacer\"><\/div>\n","protected":false},"excerpt":{"rendered":"<p>Si est\u00e1s de acuerdo con nuestra misi\u00f3n y nuestras demandas,\u00a1Puedes hacerte miembro! Los miembros de Illusion Emploi est\u00e1n en el coraz\u00f3n de la vida democr\u00e1tica y social de la organizaci\u00f3n. La cuota anual de membres\u00eda por persona es de $10. Para ser miembro: Pague en l\u00ednea completando el formulario o mediante transferencia Interac al correo<\/p>\n","protected":false},"author":3454,"featured_media":0,"parent":0,"menu_order":0,"comment_status":"closed","ping_status":"closed","template":"pages-templates\/page_standard_sans_marge_footer.php","meta":{"footnotes":""},"class_list":["post-2607","page","type-page","status-publish","hentry"],"yoast_head":"<!-- This site is optimized with the Yoast SEO plugin v27.4 - https:\/\/yoast.com\/product\/yoast-seo-wordpress\/ -->\n<title>HACERME MIEMBRO - Illusion Emploi<\/title>\n<meta name=\"robots\" content=\"index, follow, max-snippet:-1, max-image-preview:large, max-video-preview:-1\" \/>\n<link rel=\"canonical\" href=\"https:\/\/www.illusionemploi.org\/es\/hacerme-miembro\/\" \/>\n<meta property=\"og:locale\" content=\"es_ES\" \/>\n<meta property=\"og:type\" content=\"article\" \/>\n<meta property=\"og:title\" content=\"HACERME MIEMBRO - Illusion Emploi\" \/>\n<meta property=\"og:description\" content=\"Si est\u00e1s de acuerdo con nuestra misi\u00f3n y nuestras demandas,\u00a1Puedes hacerte miembro! Los miembros de Illusion Emploi est\u00e1n en el coraz\u00f3n de la vida democr\u00e1tica y social de la organizaci\u00f3n. La cuota anual de membres\u00eda por persona es de $10. Para ser miembro: Pague en l\u00ednea completando el formulario o mediante transferencia Interac al correo\" \/>\n<meta property=\"og:url\" content=\"https:\/\/www.illusionemploi.org\/es\/hacerme-miembro\/\" \/>\n<meta property=\"og:site_name\" content=\"Illusion Emploi\" \/>\n<meta property=\"article:publisher\" content=\"https:\/\/www.facebook.com\/profile.php?id=100068272669446\" \/>\n<meta property=\"article:modified_time\" content=\"2025-10-07T20:25:39+00:00\" \/>\n<meta property=\"og:image\" content=\"https:\/\/www.illusionemploi.org\/wp-content\/uploads\/2024\/09\/AGA-2023-copy.jpg\" \/>\n\t<meta property=\"og:image:width\" content=\"2048\" \/>\n\t<meta property=\"og:image:height\" content=\"1010\" \/>\n\t<meta property=\"og:image:type\" content=\"image\/jpeg\" \/>\n<meta name=\"twitter:card\" content=\"summary_large_image\" \/>\n<script type=\"application\/ld+json\" class=\"yoast-schema-graph\">{\"@context\":\"https:\\\/\\\/schema.org\",\"@graph\":[{\"@type\":\"WebPage\",\"@id\":\"https:\\\/\\\/www.illusionemploi.org\\\/es\\\/hacerme-miembro\\\/\",\"url\":\"https:\\\/\\\/www.illusionemploi.org\\\/es\\\/hacerme-miembro\\\/\",\"name\":\"HACERME MIEMBRO - Illusion Emploi\",\"isPartOf\":{\"@id\":\"https:\\\/\\\/www.illusionemploi.org\\\/es\\\/#website\"},\"primaryImageOfPage\":{\"@id\":\"https:\\\/\\\/www.illusionemploi.org\\\/es\\\/hacerme-miembro\\\/#primaryimage\"},\"image\":{\"@id\":\"https:\\\/\\\/www.illusionemploi.org\\\/es\\\/hacerme-miembro\\\/#primaryimage\"},\"thumbnailUrl\":\"https:\\\/\\\/www.illusionemploi.org\\\/wp-content\\\/uploads\\\/2024\\\/09\\\/AGA-2023-copy.jpg\",\"datePublished\":\"2024-09-26T19:14:16+00:00\",\"dateModified\":\"2025-10-07T20:25:39+00:00\",\"breadcrumb\":{\"@id\":\"https:\\\/\\\/www.illusionemploi.org\\\/es\\\/hacerme-miembro\\\/#breadcrumb\"},\"inLanguage\":\"es\",\"potentialAction\":[{\"@type\":\"ReadAction\",\"target\":[\"https:\\\/\\\/www.illusionemploi.org\\\/es\\\/hacerme-miembro\\\/\"]}]},{\"@type\":\"ImageObject\",\"inLanguage\":\"es\",\"@id\":\"https:\\\/\\\/www.illusionemploi.org\\\/es\\\/hacerme-miembro\\\/#primaryimage\",\"url\":\"https:\\\/\\\/www.illusionemploi.org\\\/wp-content\\\/uploads\\\/2024\\\/09\\\/AGA-2023-copy.jpg\",\"contentUrl\":\"https:\\\/\\\/www.illusionemploi.org\\\/wp-content\\\/uploads\\\/2024\\\/09\\\/AGA-2023-copy.jpg\"},{\"@type\":\"BreadcrumbList\",\"@id\":\"https:\\\/\\\/www.illusionemploi.org\\\/es\\\/hacerme-miembro\\\/#breadcrumb\",\"itemListElement\":[{\"@type\":\"ListItem\",\"position\":1,\"name\":\"Home\",\"item\":\"https:\\\/\\\/www.illusionemploi.org\\\/es\\\/\"},{\"@type\":\"ListItem\",\"position\":2,\"name\":\"HACERME MIEMBRO\"}]},{\"@type\":\"WebSite\",\"@id\":\"https:\\\/\\\/www.illusionemploi.org\\\/es\\\/#website\",\"url\":\"https:\\\/\\\/www.illusionemploi.org\\\/es\\\/\",\"name\":\"Illusion Emploi\",\"description\":\"\",\"publisher\":{\"@id\":\"https:\\\/\\\/www.illusionemploi.org\\\/es\\\/#organization\"},\"potentialAction\":[{\"@type\":\"SearchAction\",\"target\":{\"@type\":\"EntryPoint\",\"urlTemplate\":\"https:\\\/\\\/www.illusionemploi.org\\\/es\\\/?s={search_term_string}\"},\"query-input\":{\"@type\":\"PropertyValueSpecification\",\"valueRequired\":true,\"valueName\":\"search_term_string\"}}],\"inLanguage\":\"es\"},{\"@type\":\"Organization\",\"@id\":\"https:\\\/\\\/www.illusionemploi.org\\\/es\\\/#organization\",\"name\":\"Illusion Emploi\",\"url\":\"https:\\\/\\\/www.illusionemploi.org\\\/es\\\/\",\"logo\":{\"@type\":\"ImageObject\",\"inLanguage\":\"es\",\"@id\":\"https:\\\/\\\/www.illusionemploi.org\\\/es\\\/#\\\/schema\\\/logo\\\/image\\\/\",\"url\":\"https:\\\/\\\/www.illusionemploi.org\\\/wp-content\\\/uploads\\\/2025\\\/01\\\/logo-dans-carre.png\",\"contentUrl\":\"https:\\\/\\\/www.illusionemploi.org\\\/wp-content\\\/uploads\\\/2025\\\/01\\\/logo-dans-carre.png\",\"width\":1000,\"height\":1000,\"caption\":\"Illusion Emploi\"},\"image\":{\"@id\":\"https:\\\/\\\/www.illusionemploi.org\\\/es\\\/#\\\/schema\\\/logo\\\/image\\\/\"},\"sameAs\":[\"https:\\\/\\\/www.facebook.com\\\/profile.php?id=100068272669446\"]}]}<\/script>\n<!-- \/ Yoast SEO plugin. -->","yoast_head_json":{"title":"HACERME MIEMBRO - Illusion Emploi","robots":{"index":"index","follow":"follow","max-snippet":"max-snippet:-1","max-image-preview":"max-image-preview:large","max-video-preview":"max-video-preview:-1"},"canonical":"https:\/\/www.illusionemploi.org\/es\/hacerme-miembro\/","og_locale":"es_ES","og_type":"article","og_title":"HACERME MIEMBRO - Illusion Emploi","og_description":"Si est\u00e1s de acuerdo con nuestra misi\u00f3n y nuestras demandas,\u00a1Puedes hacerte miembro! Los miembros de Illusion Emploi est\u00e1n en el coraz\u00f3n de la vida democr\u00e1tica y social de la organizaci\u00f3n. La cuota anual de membres\u00eda por persona es de $10. Para ser miembro: Pague en l\u00ednea completando el formulario o mediante transferencia Interac al correo","og_url":"https:\/\/www.illusionemploi.org\/es\/hacerme-miembro\/","og_site_name":"Illusion Emploi","article_publisher":"https:\/\/www.facebook.com\/profile.php?id=100068272669446","article_modified_time":"2025-10-07T20:25:39+00:00","og_image":[{"width":2048,"height":1010,"url":"https:\/\/www.illusionemploi.org\/wp-content\/uploads\/2024\/09\/AGA-2023-copy.jpg","type":"image\/jpeg"}],"twitter_card":"summary_large_image","schema":{"@context":"https:\/\/schema.org","@graph":[{"@type":"WebPage","@id":"https:\/\/www.illusionemploi.org\/es\/hacerme-miembro\/","url":"https:\/\/www.illusionemploi.org\/es\/hacerme-miembro\/","name":"HACERME MIEMBRO - Illusion Emploi","isPartOf":{"@id":"https:\/\/www.illusionemploi.org\/es\/#website"},"primaryImageOfPage":{"@id":"https:\/\/www.illusionemploi.org\/es\/hacerme-miembro\/#primaryimage"},"image":{"@id":"https:\/\/www.illusionemploi.org\/es\/hacerme-miembro\/#primaryimage"},"thumbnailUrl":"https:\/\/www.illusionemploi.org\/wp-content\/uploads\/2024\/09\/AGA-2023-copy.jpg","datePublished":"2024-09-26T19:14:16+00:00","dateModified":"2025-10-07T20:25:39+00:00","breadcrumb":{"@id":"https:\/\/www.illusionemploi.org\/es\/hacerme-miembro\/#breadcrumb"},"inLanguage":"es","potentialAction":[{"@type":"ReadAction","target":["https:\/\/www.illusionemploi.org\/es\/hacerme-miembro\/"]}]},{"@type":"ImageObject","inLanguage":"es","@id":"https:\/\/www.illusionemploi.org\/es\/hacerme-miembro\/#primaryimage","url":"https:\/\/www.illusionemploi.org\/wp-content\/uploads\/2024\/09\/AGA-2023-copy.jpg","contentUrl":"https:\/\/www.illusionemploi.org\/wp-content\/uploads\/2024\/09\/AGA-2023-copy.jpg"},{"@type":"BreadcrumbList","@id":"https:\/\/www.illusionemploi.org\/es\/hacerme-miembro\/#breadcrumb","itemListElement":[{"@type":"ListItem","position":1,"name":"Home","item":"https:\/\/www.illusionemploi.org\/es\/"},{"@type":"ListItem","position":2,"name":"HACERME MIEMBRO"}]},{"@type":"WebSite","@id":"https:\/\/www.illusionemploi.org\/es\/#website","url":"https:\/\/www.illusionemploi.org\/es\/","name":"Illusion Emploi","description":"","publisher":{"@id":"https:\/\/www.illusionemploi.org\/es\/#organization"},"potentialAction":[{"@type":"SearchAction","target":{"@type":"EntryPoint","urlTemplate":"https:\/\/www.illusionemploi.org\/es\/?s={search_term_string}"},"query-input":{"@type":"PropertyValueSpecification","valueRequired":true,"valueName":"search_term_string"}}],"inLanguage":"es"},{"@type":"Organization","@id":"https:\/\/www.illusionemploi.org\/es\/#organization","name":"Illusion Emploi","url":"https:\/\/www.illusionemploi.org\/es\/","logo":{"@type":"ImageObject","inLanguage":"es","@id":"https:\/\/www.illusionemploi.org\/es\/#\/schema\/logo\/image\/","url":"https:\/\/www.illusionemploi.org\/wp-content\/uploads\/2025\/01\/logo-dans-carre.png","contentUrl":"https:\/\/www.illusionemploi.org\/wp-content\/uploads\/2025\/01\/logo-dans-carre.png","width":1000,"height":1000,"caption":"Illusion Emploi"},"image":{"@id":"https:\/\/www.illusionemploi.org\/es\/#\/schema\/logo\/image\/"},"sameAs":["https:\/\/www.facebook.com\/profile.php?id=100068272669446"]}]}},"_links":{"self":[{"href":"https:\/\/www.illusionemploi.org\/es\/wp-json\/wp\/v2\/pages\/2607","targetHints":{"allow":["GET"]}}],"collection":[{"href":"https:\/\/www.illusionemploi.org\/es\/wp-json\/wp\/v2\/pages"}],"about":[{"href":"https:\/\/www.illusionemploi.org\/es\/wp-json\/wp\/v2\/types\/page"}],"author":[{"embeddable":true,"href":"https:\/\/www.illusionemploi.org\/es\/wp-json\/wp\/v2\/users\/3454"}],"replies":[{"embeddable":true,"href":"https:\/\/www.illusionemploi.org\/es\/wp-json\/wp\/v2\/comments?post=2607"}],"version-history":[{"count":3,"href":"https:\/\/www.illusionemploi.org\/es\/wp-json\/wp\/v2\/pages\/2607\/revisions"}],"predecessor-version":[{"id":2617,"href":"https:\/\/www.illusionemploi.org\/es\/wp-json\/wp\/v2\/pages\/2607\/revisions\/2617"}],"wp:attachment":[{"href":"https:\/\/www.illusionemploi.org\/es\/wp-json\/wp\/v2\/media?parent=2607"}],"curies":[{"name":"wp","href":"https:\/\/api.w.org\/{rel}","templated":true}]}}