{"id":2600,"date":"2024-09-27T14:34:32","date_gmt":"2024-09-27T18:34:32","guid":{"rendered":"https:\/\/www.illusionemploi.org\/aapolitica-de-privacidad\/"},"modified":"2025-10-07T15:40:55","modified_gmt":"2025-10-07T19:40:55","slug":"politica-de-privacidad","status":"publish","type":"page","link":"https:\/\/www.illusionemploi.org\/es\/politica-de-privacidad\/","title":{"rendered":"Pol\u00edtica de privacidad"},"content":{"rendered":"\n<div class=\"wp-block-group alignfull entete-sans-photo is-layout-constrained wp-block-group-is-layout-constrained\">\n<h1 class=\"wp-block-heading has-text-align-center has-blanc-color has-text-color has-link-color wp-elements-e256185d5b8d5ccb91191d11b87f8512\">Pol\u00edtica de privacidad<\/h1>\n\n\n\n<div class=\"wp-block-group entete-graphic-container is-layout-constrained wp-block-group-is-layout-constrained\">\n<div class=\"wp-block-group entete-graphic is-layout-constrained wp-block-group-is-layout-constrained\">\n<p>\u00a0<\/p>\n<\/div>\n<\/div>\n<\/div>\n\n<p>Illusion Emploi de l\u2019Estrie est une personne morale \u00e0 but non lucratif qui travaille avec des renseignements personnels dans le cadre de ses activit\u00e9s et de son service d\u2019accompagnement.<\/p>\n\n<p>La politique suivante vise \u00e0 assurer la protection des renseignements personnels des personnes ayant recours aux services d\u2019Illusion Emploi de l\u2019Estrie. La pr\u00e9sente politique encadre la fa\u00e7on dont l\u2019organisme collecte, utilise, communique, conserve et d\u00e9truit les renseignements personnels qui lui sont transmis. La pr\u00e9sente politique traite \u00e9galement de la fa\u00e7on dont Illusion Emploi de l\u2019Estrie recueille les renseignements personnels par un moyen technologique.<\/p>\n\n<p>L\u2019objectif de cette politique est d\u2019assurer le respect de la vie priv\u00e9e de toutes les personnes impliqu\u00e9es au sein de l\u2019organisme, d\u2019assurer la s\u00e9curit\u00e9 des documents contenant des informations confidentielles et d\u2019\u00e9tablir des r\u00e8gles \u00e0 suivre lors des \u00e9changes d\u2019informations pour s\u2019assurer d\u2019avoir toujours les autorisations n\u00e9cessaires.<\/p>\n\n<p> Entr\u00e9e en vigueur : Septembre 2023<\/p>\n\n<div style=\"height:20px\" aria-hidden=\"true\" class=\"wp-block-spacer\"><\/div>\n\n<div class=\"wp-block-buttons is-content-justification-center is-layout-flex wp-container-core-buttons-is-layout-16018d1d wp-block-buttons-is-layout-flex\">\n<div class=\"wp-block-button\"><a class=\"wp-block-button__link wp-element-button\" href=\"https:\/\/www.illusionemploi.org\/wp-content\/uploads\/2024\/10\/Politique-de-confidentialite-Illusion-Emploi.pdf\" target=\"_blank\" rel=\"noreferrer noopener\">Pol\u00edtica de privacidad<\/a><\/div>\n<\/div>\n\n<div style=\"height:20px\" aria-hidden=\"true\" class=\"wp-block-spacer\"><\/div>\n\n<hr class=\"wp-block-separator has-alpha-channel-opacity\"\/>\n\n<p>SITE WEB<\/p>\n\n<h4 class=\"wp-block-heading\"><strong>Formulaire de contact<\/strong><\/h4>\n\n<p>En communiquant via le formulaire de contact nous pouvons recueillir des informations personnelles fournies telles le nom, l\u2019adresse courriel, le num\u00e9ro de t\u00e9l\u00e9phone, votre message.<\/p>\n\n<p>En utilisant le formulaire de contact, nous recueillons et traitons vos informations personnelles pour communiquer avec vous au sujet de votre demande d\u2019information.<\/p>\n\n<h4 class=\"wp-block-heading\"><strong>Google Analytics<\/strong><\/h4>\n\n<p>Notre site web utilise aussi la console Google Analytics pour les statistiques de fr\u00e9quentation du site web. (pour mesurer et collecter des informations de session, y compris les temps de r\u00e9ponse des pages, la dur\u00e9e des visites sur certaines pages, les informations d&#8217;interaction des pages et les m\u00e9thodes utilis\u00e9es pour naviguer hors de la page.).<\/p>\n\n<p>L\u2019adresses de protocole Internet (IP) pour connecter votre ordinateur \u00e0 Internet est recueilli par Google Analytics, mais elle est automatiquement modifi\u00e9e par la version 4 de Google Analytics pour la rendre anonyme.<\/p>\n\n<h4 class=\"wp-block-heading\"><strong>Consentement des fichiers t\u00e9moins (cookies)<\/strong><\/h4>\n\n<p>Les fichiers t\u00e9moins de notre site web sont n\u00e9cessaires pour certaines fonctionnalit\u00e9s comme l\u2019affichage de cartes Google et l\u2019affichage de fen\u00eatres d\u2019information de style popups. Ils nous permettent aussi d\u2019analyser les statistiques de visites pour ainsi am\u00e9liorer l\u2019exp\u00e9rience et la qualit\u00e9 de la navigation.<\/p>\n\n<p>Si vous d\u00e9cidez de d\u00e9sactiver tous les t\u00e9moins (cookies) avec le bouton \u00ab Personnaliser \u00bb, certaines fonctionnalit\u00e9s de notre site web seront d\u00e9sactiv\u00e9es et aucunes donn\u00e9es ne seront sauvegard\u00e9es. Pour modifier vos options de consentement des fichiers t\u00e9moins de notre site web, <a data-type=\"page\" data-id=\"1316\" href=\"https:\/\/www.illusionemploi.org\/es\/aapolitica-de-privacidad\/?cky_preview=true\">cliquez ici pour faire appara\u00eetre la banni\u00e8re \u00e0 nouveau et modifier vos choix<\/a>.<\/p>\n\n<h4 class=\"wp-block-heading\"><strong>Responsable de la protection des renseignements confidentiels<\/strong><\/h4>\n\n<p>Si vous avez des questions ou des pr\u00e9occupations, si vous souhaitez exercer vos droits ou si vous voulez d\u00e9poser une plainte relative \u00e0 la protection des renseignements personnels, veuillez communiquer avec la personne responsable de la protection des renseignements personnels comme suit:<\/p>\n\n<p>Nom de la personne responsable: Nellie Quane-Arsenault <\/p>\n\n<p>T\u00e9l\u00e9phone: 819 569 9993 <\/p>\n\n<p>Courriel: <a href=\"mailto:illusionemploiestrie@gmail.com\">illusionemploiestrie@gmail.com<\/a> <\/p>\n\n<div style=\"height:100px\" aria-hidden=\"true\" class=\"wp-block-spacer\"><\/div>\n","protected":false},"excerpt":{"rendered":"<p>Pol\u00edtica de privacidad \u00a0 Illusion Emploi de l\u2019Estrie est une personne morale \u00e0 but non lucratif qui travaille avec des renseignements personnels dans le cadre de ses activit\u00e9s et de son service d\u2019accompagnement. La politique suivante vise \u00e0 assurer la protection des renseignements personnels des personnes ayant recours aux services d\u2019Illusion Emploi de l\u2019Estrie. La<\/p>\n","protected":false},"author":3454,"featured_media":0,"parent":0,"menu_order":0,"comment_status":"closed","ping_status":"closed","template":"pages-templates\/page_standard_sans_marge_footer.php","meta":{"footnotes":""},"class_list":["post-2600","page","type-page","status-publish","hentry"],"yoast_head":"<!-- This site is optimized with the Yoast SEO plugin v27.5 - https:\/\/yoast.com\/product\/yoast-seo-wordpress\/ -->\n<title>Pol\u00edtica de privacidad - Illusion Emploi<\/title>\n<meta name=\"robots\" content=\"index, follow, max-snippet:-1, max-image-preview:large, max-video-preview:-1\" \/>\n<link rel=\"canonical\" href=\"https:\/\/www.illusionemploi.org\/es\/politica-de-privacidad\/\" \/>\n<meta property=\"og:locale\" content=\"es_ES\" \/>\n<meta property=\"og:type\" content=\"article\" \/>\n<meta property=\"og:title\" content=\"Pol\u00edtica de privacidad - Illusion Emploi\" \/>\n<meta property=\"og:description\" content=\"Pol\u00edtica de privacidad \u00a0 Illusion Emploi de l\u2019Estrie est une personne morale \u00e0 but non lucratif qui travaille avec des renseignements personnels dans le cadre de ses activit\u00e9s et de son service d\u2019accompagnement. La politique suivante vise \u00e0 assurer la protection des renseignements personnels des personnes ayant recours aux services d\u2019Illusion Emploi de l\u2019Estrie. La\" \/>\n<meta property=\"og:url\" content=\"https:\/\/www.illusionemploi.org\/es\/politica-de-privacidad\/\" \/>\n<meta property=\"og:site_name\" content=\"Illusion Emploi\" \/>\n<meta property=\"article:publisher\" content=\"https:\/\/www.facebook.com\/profile.php?id=100068272669446\" \/>\n<meta property=\"article:modified_time\" content=\"2025-10-07T19:40:55+00:00\" \/>\n<meta name=\"twitter:card\" content=\"summary_large_image\" \/>\n<script type=\"application\/ld+json\" class=\"yoast-schema-graph\">{\"@context\":\"https:\\\/\\\/schema.org\",\"@graph\":[{\"@type\":\"WebPage\",\"@id\":\"https:\\\/\\\/www.illusionemploi.org\\\/es\\\/politica-de-privacidad\\\/\",\"url\":\"https:\\\/\\\/www.illusionemploi.org\\\/es\\\/politica-de-privacidad\\\/\",\"name\":\"Pol\u00edtica de privacidad - Illusion Emploi\",\"isPartOf\":{\"@id\":\"https:\\\/\\\/www.illusionemploi.org\\\/es\\\/#website\"},\"datePublished\":\"2024-09-27T18:34:32+00:00\",\"dateModified\":\"2025-10-07T19:40:55+00:00\",\"breadcrumb\":{\"@id\":\"https:\\\/\\\/www.illusionemploi.org\\\/es\\\/politica-de-privacidad\\\/#breadcrumb\"},\"inLanguage\":\"es\",\"potentialAction\":[{\"@type\":\"ReadAction\",\"target\":[\"https:\\\/\\\/www.illusionemploi.org\\\/es\\\/politica-de-privacidad\\\/\"]}]},{\"@type\":\"BreadcrumbList\",\"@id\":\"https:\\\/\\\/www.illusionemploi.org\\\/es\\\/politica-de-privacidad\\\/#breadcrumb\",\"itemListElement\":[{\"@type\":\"ListItem\",\"position\":1,\"name\":\"Home\",\"item\":\"https:\\\/\\\/www.illusionemploi.org\\\/es\\\/\"},{\"@type\":\"ListItem\",\"position\":2,\"name\":\"Pol\u00edtica de privacidad\"}]},{\"@type\":\"WebSite\",\"@id\":\"https:\\\/\\\/www.illusionemploi.org\\\/es\\\/#website\",\"url\":\"https:\\\/\\\/www.illusionemploi.org\\\/es\\\/\",\"name\":\"Illusion Emploi\",\"description\":\"\",\"publisher\":{\"@id\":\"https:\\\/\\\/www.illusionemploi.org\\\/es\\\/#organization\"},\"potentialAction\":[{\"@type\":\"SearchAction\",\"target\":{\"@type\":\"EntryPoint\",\"urlTemplate\":\"https:\\\/\\\/www.illusionemploi.org\\\/es\\\/?s={search_term_string}\"},\"query-input\":{\"@type\":\"PropertyValueSpecification\",\"valueRequired\":true,\"valueName\":\"search_term_string\"}}],\"inLanguage\":\"es\"},{\"@type\":\"Organization\",\"@id\":\"https:\\\/\\\/www.illusionemploi.org\\\/es\\\/#organization\",\"name\":\"Illusion Emploi\",\"url\":\"https:\\\/\\\/www.illusionemploi.org\\\/es\\\/\",\"logo\":{\"@type\":\"ImageObject\",\"inLanguage\":\"es\",\"@id\":\"https:\\\/\\\/www.illusionemploi.org\\\/es\\\/#\\\/schema\\\/logo\\\/image\\\/\",\"url\":\"https:\\\/\\\/www.illusionemploi.org\\\/wp-content\\\/uploads\\\/2025\\\/01\\\/logo-dans-carre.png\",\"contentUrl\":\"https:\\\/\\\/www.illusionemploi.org\\\/wp-content\\\/uploads\\\/2025\\\/01\\\/logo-dans-carre.png\",\"width\":1000,\"height\":1000,\"caption\":\"Illusion Emploi\"},\"image\":{\"@id\":\"https:\\\/\\\/www.illusionemploi.org\\\/es\\\/#\\\/schema\\\/logo\\\/image\\\/\"},\"sameAs\":[\"https:\\\/\\\/www.facebook.com\\\/profile.php?id=100068272669446\"]}]}<\/script>\n<!-- \/ Yoast SEO plugin. -->","yoast_head_json":{"title":"Pol\u00edtica de privacidad - Illusion Emploi","robots":{"index":"index","follow":"follow","max-snippet":"max-snippet:-1","max-image-preview":"max-image-preview:large","max-video-preview":"max-video-preview:-1"},"canonical":"https:\/\/www.illusionemploi.org\/es\/politica-de-privacidad\/","og_locale":"es_ES","og_type":"article","og_title":"Pol\u00edtica de privacidad - Illusion Emploi","og_description":"Pol\u00edtica de privacidad \u00a0 Illusion Emploi de l\u2019Estrie est une personne morale \u00e0 but non lucratif qui travaille avec des renseignements personnels dans le cadre de ses activit\u00e9s et de son service d\u2019accompagnement. La politique suivante vise \u00e0 assurer la protection des renseignements personnels des personnes ayant recours aux services d\u2019Illusion Emploi de l\u2019Estrie. La","og_url":"https:\/\/www.illusionemploi.org\/es\/politica-de-privacidad\/","og_site_name":"Illusion Emploi","article_publisher":"https:\/\/www.facebook.com\/profile.php?id=100068272669446","article_modified_time":"2025-10-07T19:40:55+00:00","twitter_card":"summary_large_image","schema":{"@context":"https:\/\/schema.org","@graph":[{"@type":"WebPage","@id":"https:\/\/www.illusionemploi.org\/es\/politica-de-privacidad\/","url":"https:\/\/www.illusionemploi.org\/es\/politica-de-privacidad\/","name":"Pol\u00edtica de privacidad - Illusion Emploi","isPartOf":{"@id":"https:\/\/www.illusionemploi.org\/es\/#website"},"datePublished":"2024-09-27T18:34:32+00:00","dateModified":"2025-10-07T19:40:55+00:00","breadcrumb":{"@id":"https:\/\/www.illusionemploi.org\/es\/politica-de-privacidad\/#breadcrumb"},"inLanguage":"es","potentialAction":[{"@type":"ReadAction","target":["https:\/\/www.illusionemploi.org\/es\/politica-de-privacidad\/"]}]},{"@type":"BreadcrumbList","@id":"https:\/\/www.illusionemploi.org\/es\/politica-de-privacidad\/#breadcrumb","itemListElement":[{"@type":"ListItem","position":1,"name":"Home","item":"https:\/\/www.illusionemploi.org\/es\/"},{"@type":"ListItem","position":2,"name":"Pol\u00edtica de privacidad"}]},{"@type":"WebSite","@id":"https:\/\/www.illusionemploi.org\/es\/#website","url":"https:\/\/www.illusionemploi.org\/es\/","name":"Illusion Emploi","description":"","publisher":{"@id":"https:\/\/www.illusionemploi.org\/es\/#organization"},"potentialAction":[{"@type":"SearchAction","target":{"@type":"EntryPoint","urlTemplate":"https:\/\/www.illusionemploi.org\/es\/?s={search_term_string}"},"query-input":{"@type":"PropertyValueSpecification","valueRequired":true,"valueName":"search_term_string"}}],"inLanguage":"es"},{"@type":"Organization","@id":"https:\/\/www.illusionemploi.org\/es\/#organization","name":"Illusion Emploi","url":"https:\/\/www.illusionemploi.org\/es\/","logo":{"@type":"ImageObject","inLanguage":"es","@id":"https:\/\/www.illusionemploi.org\/es\/#\/schema\/logo\/image\/","url":"https:\/\/www.illusionemploi.org\/wp-content\/uploads\/2025\/01\/logo-dans-carre.png","contentUrl":"https:\/\/www.illusionemploi.org\/wp-content\/uploads\/2025\/01\/logo-dans-carre.png","width":1000,"height":1000,"caption":"Illusion Emploi"},"image":{"@id":"https:\/\/www.illusionemploi.org\/es\/#\/schema\/logo\/image\/"},"sameAs":["https:\/\/www.facebook.com\/profile.php?id=100068272669446"]}]}},"_links":{"self":[{"href":"https:\/\/www.illusionemploi.org\/es\/wp-json\/wp\/v2\/pages\/2600","targetHints":{"allow":["GET"]}}],"collection":[{"href":"https:\/\/www.illusionemploi.org\/es\/wp-json\/wp\/v2\/pages"}],"about":[{"href":"https:\/\/www.illusionemploi.org\/es\/wp-json\/wp\/v2\/types\/page"}],"author":[{"embeddable":true,"href":"https:\/\/www.illusionemploi.org\/es\/wp-json\/wp\/v2\/users\/3454"}],"replies":[{"embeddable":true,"href":"https:\/\/www.illusionemploi.org\/es\/wp-json\/wp\/v2\/comments?post=2600"}],"version-history":[{"count":3,"href":"https:\/\/www.illusionemploi.org\/es\/wp-json\/wp\/v2\/pages\/2600\/revisions"}],"predecessor-version":[{"id":2603,"href":"https:\/\/www.illusionemploi.org\/es\/wp-json\/wp\/v2\/pages\/2600\/revisions\/2603"}],"wp:attachment":[{"href":"https:\/\/www.illusionemploi.org\/es\/wp-json\/wp\/v2\/media?parent=2600"}],"curies":[{"name":"wp","href":"https:\/\/api.w.org\/{rel}","templated":true}]}}