{"id":2568,"date":"2024-09-25T15:32:04","date_gmt":"2024-09-25T19:32:04","guid":{"rendered":"https:\/\/www.illusionemploi.org\/comunicados\/"},"modified":"2025-10-07T14:45:17","modified_gmt":"2025-10-07T18:45:17","slug":"comunicados","status":"publish","type":"page","link":"https:\/\/www.illusionemploi.org\/es\/comunicados\/","title":{"rendered":"COMUNICADOS"},"content":{"rendered":"\n<div class=\"wp-block-group alignfull entete-photo-container has-blanc-background-color has-background is-layout-flow wp-block-group-is-layout-flow\">\n<div class=\"wp-block-cover entete-photo entete-photo--parallax\" style=\"min-height:751px;aspect-ratio:unset;\"><span aria-hidden=\"true\" class=\"wp-block-cover__background has-background-dim-0 has-background-dim\" style=\"background-color:#000000\"><\/span><img loading=\"lazy\" decoding=\"async\" width=\"2560\" height=\"1707\" class=\"wp-block-cover__image-background wp-image-982\" alt=\"\" src=\"https:\/\/www.illusionemploi.org\/wp-content\/uploads\/2024\/09\/communiques-scaled.jpg\" data-object-fit=\"cover\" srcset=\"https:\/\/www.illusionemploi.org\/wp-content\/uploads\/2024\/09\/communiques-scaled.jpg 2560w, https:\/\/www.illusionemploi.org\/wp-content\/uploads\/2024\/09\/communiques-1278x852.jpg 1278w, https:\/\/www.illusionemploi.org\/wp-content\/uploads\/2024\/09\/communiques-640x426.jpg 640w, https:\/\/www.illusionemploi.org\/wp-content\/uploads\/2024\/09\/communiques-768x512.jpg 768w, https:\/\/www.illusionemploi.org\/wp-content\/uploads\/2024\/09\/communiques-1536x1024.jpg 1536w, https:\/\/www.illusionemploi.org\/wp-content\/uploads\/2024\/09\/communiques-2048x1365.jpg 2048w\" sizes=\"auto, (max-width: 2560px) 100vw, 2560px\" \/><div class=\"wp-block-cover__inner-container is-layout-flow wp-block-cover-is-layout-flow\">\n<div class=\"wp-block-group entete-photo__contenu is-layout-flow wp-block-group-is-layout-flow\">\n<h1 class=\"wp-block-heading\">NUESTROS<br\/>\n  <strong class=\"texte-vert\">COMUNICADOS<\/strong>\n<\/h1>\n<\/div>\n<\/div><\/div>\n<\/div>\n\n<div class=\"wp-block-group introduction is-layout-constrained wp-block-group-is-layout-constrained\">\n<div class=\"wp-block-group introduction-en-vedette inview-anim-zoom-in is-layout-constrained wp-block-group-is-layout-constrained\">\n<p class=\"has-text-align-center has-medium-font-size\" style=\"margin-bottom:0\">Aqu\u00ed est\u00e1n nuestros comunicados m\u00e1s recientes.<\/p>\n\n\n\n<div class=\"wp-block-group graphique-vagues onscroll-move-right-left is-layout-constrained wp-block-group-is-layout-constrained\">\n<div class=\"wp-block-group graphique-vagues-img is-layout-constrained wp-block-group-is-layout-constrained\">\n<p><\/p>\n<\/div>\n<\/div>\n<\/div>\n<\/div>\n\n<div class=\"wp-block-group is-layout-constrained wp-block-group-is-layout-constrained\">\n<hr class=\"wp-block-separator has-alpha-channel-opacity\"\/>\n\n\n\n<p class=\"has-bleu-color has-text-color has-link-color wp-elements-1e5a098d30285e58bf65f8d886dd97cd\">10 de junio de 2024<\/p>\n\n\n\n<h4 class=\"wp-block-heading\"><strong>\u00a1Desaparici\u00f3n de nuestros servicios esenciales: mantengamos nuestros servicios presenciales! <\/strong><\/h4>\n\n\n\n<p><br\/>Desde 2022, es imposible obtener servicios presenciales de la Comisi\u00f3n de Normas, Equidad, Salud y Seguridad en el Trabajo (CNESST) en Estrie. De las 28 oficinas que ofrec\u00edan servicios presenciales en 2020, solo quedan 8. Para la poblaci\u00f3n de Estrie, la m\u00e1s cercana ahora est\u00e1 a 149 km, en Longueuil.   <\/p>\n\n\n\n<p>Las y los trabajadores que desean presentar una queja o simplemente informarse sobre sus derechos ya no tienen acceso a servicios presenciales.<br\/>\n  <strong>Se ven obligados\/as a realizar sus gestiones en l\u00ednea. Un proceso complejo, deshumanizado y lejos de ser una soluci\u00f3n para todas y todos.<\/strong>\n <\/p>\n\n\n\n<div style=\"height:25px\" aria-hidden=\"true\" class=\"wp-block-spacer\"><\/div>\n\n\n\n<div class=\"wp-block-buttons is-layout-flex wp-block-buttons-is-layout-flex\">\n<div class=\"wp-block-button\"><a class=\"wp-block-button__link wp-element-button\" href=\"https:\/\/www.illusionemploi.org\/wp-content\/uploads\/2024\/10\/2024-06-10-communique.pdf\" target=\"_blank\" rel=\"noreferrer noopener\">LEER EL COMUNICADO<\/a><\/div>\n<\/div>\n\n\n\n<div style=\"height:25px\" aria-hidden=\"true\" class=\"wp-block-spacer\"><\/div>\n<\/div>\n\n<div class=\"wp-block-group is-layout-constrained wp-block-group-is-layout-constrained\">\n<hr class=\"wp-block-separator has-alpha-channel-opacity\"\/>\n\n\n\n<p class=\"has-bleu-color has-text-color has-link-color wp-elements-f9af5f87172ec51eb30868df6b565848\">31 de enero de 2024<\/p>\n\n\n\n<h4 class=\"wp-block-heading\"><strong>Un nuevo salario m\u00ednimo ampliamente insuficiente <\/strong><\/h4>\n\n\n\n<p>Para la Mesa de Acci\u00f3n contra el Empobrecimiento de Estrie e Illusion Emploi de Estrie, este aumento es una bofetada en la cara de las personas asalariadas con bajos ingresos. Incluso trabajando a tiempo completo, una persona que gana el salario m\u00ednimo tendr\u00e1 que vivir en la pobreza. Hicimos el c\u00e1lculo: con esta tarifa por hora, en Sherbrooke, una persona tendr\u00eda que trabajar m\u00e1s de 47 horas por semana para alcanzar un ingreso viable.   <\/p>\n\n\n\n<p><strong>En nuestros grupos comunitarios, se nota claramente la angustia: algunas personas acumulan varios empleos, otras recurren a los bancos de alimentos y a las ofertas de supermercado, y otras m\u00e1s son incapaces de encontrar una vivienda que puedan pagar o deben conformarse con un alojamiento insalubre o demasiado peque\u00f1o. <\/strong><\/p>\n\n\n\n<div style=\"height:25px\" aria-hidden=\"true\" class=\"wp-block-spacer\"><\/div>\n\n\n\n<div class=\"wp-block-buttons is-layout-flex wp-block-buttons-is-layout-flex\">\n<div class=\"wp-block-button\"><a class=\"wp-block-button__link wp-element-button\" href=\"https:\/\/www.illusionemploi.org\/wp-content\/uploads\/2024\/10\/2024-01-31-communique.pdf\" target=\"_blank\" rel=\"noreferrer noopener\">LEER EL COMUNICADO<\/a><\/div>\n<\/div>\n\n\n\n<div style=\"height:25px\" aria-hidden=\"true\" class=\"wp-block-spacer\"><\/div>\n<\/div>\n\n<div class=\"wp-block-group is-layout-constrained wp-block-group-is-layout-constrained\">\n<hr class=\"wp-block-separator has-alpha-channel-opacity\"\/>\n\n\n\n<p class=\"has-bleu-color has-text-color has-link-color wp-elements-1a2835f643ee8a49263a77419cf9320a\">18 de diciembre de 2023<\/p>\n\n\n\n<h4 class=\"wp-block-heading\"><strong>\u00a1Los permisos de trabajo cerrados, una forma de esclavitud moderna!<\/strong><\/h4>\n\n\n\n<p class=\"has-small-font-size\"><em>Carta abierta a los medios y a los y las diputadas federales, as\u00ed como a la ministra Sra. Christine Fr\u00e9chette y al ministro Sr. Jean Boulet.<\/em><\/p>\n\n\n\n<p>El pasado 6 de septiembre, el experto de las Naciones Unidas Tomoya Obokata expres\u00f3 su preocupaci\u00f3n por el estatus de las trabajadoras y trabajadores extranjeros temporales. En el sitio web de la ONU puede leerse que los permisos de trabajo cerrados hacen a las y los trabajadores migrantes vulnerables a una forma de esclavitud moderna, ya que no pueden denunciar los abusos sufridos sin temor a ser expulsados.  <\/p>\n\n\n\n<p><strong>En este 18 de diciembre de 2023, D\u00eda Internacional de las personas migrantes, Illusion Emploi de l\u2019Estrie lanza un llamado urgente a nuestras y nuestros representantes federales y provinciales para que se abolieran los permisos de trabajo cerrados.<\/strong><\/p>\n\n\n\n<div style=\"height:25px\" aria-hidden=\"true\" class=\"wp-block-spacer\"><\/div>\n\n\n\n<div class=\"wp-block-buttons is-layout-flex wp-block-buttons-is-layout-flex\">\n<div class=\"wp-block-button\"><a class=\"wp-block-button__link wp-element-button\" href=\"https:\/\/www.illusionemploi.org\/wp-content\/uploads\/2024\/09\/2023-12-18-communique.pdf\" target=\"_blank\" rel=\"noreferrer noopener\">LEER EL COMUNICADO<\/a><\/div>\n<\/div>\n\n\n\n<div style=\"height:25px\" aria-hidden=\"true\" class=\"wp-block-spacer\"><\/div>\n<\/div>\n\n<div style=\"height:100px\" aria-hidden=\"true\" class=\"wp-block-spacer\"><\/div>\n\n<p><\/p>\n","protected":false},"excerpt":{"rendered":"<p>Aqu\u00ed est\u00e1n nuestros comunicados m\u00e1s recientes. 10 de junio de 2024 \u00a1Desaparici\u00f3n de nuestros servicios esenciales: mantengamos nuestros servicios presenciales! Desde 2022, es imposible obtener servicios presenciales de la Comisi\u00f3n de Normas, Equidad, Salud y Seguridad en el Trabajo (CNESST) en Estrie. De las 28 oficinas que ofrec\u00edan servicios presenciales en 2020, solo quedan 8.<\/p>\n","protected":false},"author":3454,"featured_media":0,"parent":0,"menu_order":0,"comment_status":"closed","ping_status":"closed","template":"pages-templates\/page_standard_sans_marge_footer.php","meta":{"footnotes":""},"class_list":["post-2568","page","type-page","status-publish","hentry"],"yoast_head":"<!-- This site is optimized with the Yoast SEO plugin v27.4 - https:\/\/yoast.com\/product\/yoast-seo-wordpress\/ -->\n<title>COMUNICADOS - Illusion Emploi<\/title>\n<meta name=\"robots\" content=\"index, follow, max-snippet:-1, max-image-preview:large, max-video-preview:-1\" \/>\n<link rel=\"canonical\" href=\"https:\/\/www.illusionemploi.org\/es\/comunicados\/\" \/>\n<meta property=\"og:locale\" content=\"es_ES\" \/>\n<meta property=\"og:type\" content=\"article\" \/>\n<meta property=\"og:title\" content=\"COMUNICADOS - Illusion Emploi\" \/>\n<meta property=\"og:description\" content=\"Aqu\u00ed est\u00e1n nuestros comunicados m\u00e1s recientes. 10 de junio de 2024 \u00a1Desaparici\u00f3n de nuestros servicios esenciales: mantengamos nuestros servicios presenciales! Desde 2022, es imposible obtener servicios presenciales de la Comisi\u00f3n de Normas, Equidad, Salud y Seguridad en el Trabajo (CNESST) en Estrie. De las 28 oficinas que ofrec\u00edan servicios presenciales en 2020, solo quedan 8.\" \/>\n<meta property=\"og:url\" content=\"https:\/\/www.illusionemploi.org\/es\/comunicados\/\" \/>\n<meta property=\"og:site_name\" content=\"Illusion Emploi\" \/>\n<meta property=\"article:publisher\" content=\"https:\/\/www.facebook.com\/profile.php?id=100068272669446\" \/>\n<meta property=\"article:modified_time\" content=\"2025-10-07T18:45:17+00:00\" \/>\n<meta property=\"og:image\" content=\"https:\/\/www.illusionemploi.org\/wp-content\/uploads\/2024\/09\/communiques-scaled.jpg\" \/>\n\t<meta property=\"og:image:width\" content=\"2560\" \/>\n\t<meta property=\"og:image:height\" content=\"1707\" \/>\n\t<meta property=\"og:image:type\" content=\"image\/jpeg\" \/>\n<meta name=\"twitter:card\" content=\"summary_large_image\" \/>\n<script type=\"application\/ld+json\" class=\"yoast-schema-graph\">{\"@context\":\"https:\\\/\\\/schema.org\",\"@graph\":[{\"@type\":\"WebPage\",\"@id\":\"https:\\\/\\\/www.illusionemploi.org\\\/es\\\/comunicados\\\/\",\"url\":\"https:\\\/\\\/www.illusionemploi.org\\\/es\\\/comunicados\\\/\",\"name\":\"COMUNICADOS - Illusion Emploi\",\"isPartOf\":{\"@id\":\"https:\\\/\\\/www.illusionemploi.org\\\/es\\\/#website\"},\"primaryImageOfPage\":{\"@id\":\"https:\\\/\\\/www.illusionemploi.org\\\/es\\\/comunicados\\\/#primaryimage\"},\"image\":{\"@id\":\"https:\\\/\\\/www.illusionemploi.org\\\/es\\\/comunicados\\\/#primaryimage\"},\"thumbnailUrl\":\"https:\\\/\\\/www.illusionemploi.org\\\/wp-content\\\/uploads\\\/2024\\\/09\\\/communiques-scaled.jpg\",\"datePublished\":\"2024-09-25T19:32:04+00:00\",\"dateModified\":\"2025-10-07T18:45:17+00:00\",\"breadcrumb\":{\"@id\":\"https:\\\/\\\/www.illusionemploi.org\\\/es\\\/comunicados\\\/#breadcrumb\"},\"inLanguage\":\"es\",\"potentialAction\":[{\"@type\":\"ReadAction\",\"target\":[\"https:\\\/\\\/www.illusionemploi.org\\\/es\\\/comunicados\\\/\"]}]},{\"@type\":\"ImageObject\",\"inLanguage\":\"es\",\"@id\":\"https:\\\/\\\/www.illusionemploi.org\\\/es\\\/comunicados\\\/#primaryimage\",\"url\":\"https:\\\/\\\/www.illusionemploi.org\\\/wp-content\\\/uploads\\\/2024\\\/09\\\/communiques-scaled.jpg\",\"contentUrl\":\"https:\\\/\\\/www.illusionemploi.org\\\/wp-content\\\/uploads\\\/2024\\\/09\\\/communiques-scaled.jpg\"},{\"@type\":\"BreadcrumbList\",\"@id\":\"https:\\\/\\\/www.illusionemploi.org\\\/es\\\/comunicados\\\/#breadcrumb\",\"itemListElement\":[{\"@type\":\"ListItem\",\"position\":1,\"name\":\"Home\",\"item\":\"https:\\\/\\\/www.illusionemploi.org\\\/es\\\/\"},{\"@type\":\"ListItem\",\"position\":2,\"name\":\"COMUNICADOS\"}]},{\"@type\":\"WebSite\",\"@id\":\"https:\\\/\\\/www.illusionemploi.org\\\/es\\\/#website\",\"url\":\"https:\\\/\\\/www.illusionemploi.org\\\/es\\\/\",\"name\":\"Illusion Emploi\",\"description\":\"\",\"publisher\":{\"@id\":\"https:\\\/\\\/www.illusionemploi.org\\\/es\\\/#organization\"},\"potentialAction\":[{\"@type\":\"SearchAction\",\"target\":{\"@type\":\"EntryPoint\",\"urlTemplate\":\"https:\\\/\\\/www.illusionemploi.org\\\/es\\\/?s={search_term_string}\"},\"query-input\":{\"@type\":\"PropertyValueSpecification\",\"valueRequired\":true,\"valueName\":\"search_term_string\"}}],\"inLanguage\":\"es\"},{\"@type\":\"Organization\",\"@id\":\"https:\\\/\\\/www.illusionemploi.org\\\/es\\\/#organization\",\"name\":\"Illusion Emploi\",\"url\":\"https:\\\/\\\/www.illusionemploi.org\\\/es\\\/\",\"logo\":{\"@type\":\"ImageObject\",\"inLanguage\":\"es\",\"@id\":\"https:\\\/\\\/www.illusionemploi.org\\\/es\\\/#\\\/schema\\\/logo\\\/image\\\/\",\"url\":\"https:\\\/\\\/www.illusionemploi.org\\\/wp-content\\\/uploads\\\/2025\\\/01\\\/logo-dans-carre.png\",\"contentUrl\":\"https:\\\/\\\/www.illusionemploi.org\\\/wp-content\\\/uploads\\\/2025\\\/01\\\/logo-dans-carre.png\",\"width\":1000,\"height\":1000,\"caption\":\"Illusion Emploi\"},\"image\":{\"@id\":\"https:\\\/\\\/www.illusionemploi.org\\\/es\\\/#\\\/schema\\\/logo\\\/image\\\/\"},\"sameAs\":[\"https:\\\/\\\/www.facebook.com\\\/profile.php?id=100068272669446\"]}]}<\/script>\n<!-- \/ Yoast SEO plugin. -->","yoast_head_json":{"title":"COMUNICADOS - Illusion Emploi","robots":{"index":"index","follow":"follow","max-snippet":"max-snippet:-1","max-image-preview":"max-image-preview:large","max-video-preview":"max-video-preview:-1"},"canonical":"https:\/\/www.illusionemploi.org\/es\/comunicados\/","og_locale":"es_ES","og_type":"article","og_title":"COMUNICADOS - Illusion Emploi","og_description":"Aqu\u00ed est\u00e1n nuestros comunicados m\u00e1s recientes. 10 de junio de 2024 \u00a1Desaparici\u00f3n de nuestros servicios esenciales: mantengamos nuestros servicios presenciales! Desde 2022, es imposible obtener servicios presenciales de la Comisi\u00f3n de Normas, Equidad, Salud y Seguridad en el Trabajo (CNESST) en Estrie. De las 28 oficinas que ofrec\u00edan servicios presenciales en 2020, solo quedan 8.","og_url":"https:\/\/www.illusionemploi.org\/es\/comunicados\/","og_site_name":"Illusion Emploi","article_publisher":"https:\/\/www.facebook.com\/profile.php?id=100068272669446","article_modified_time":"2025-10-07T18:45:17+00:00","og_image":[{"width":2560,"height":1707,"url":"https:\/\/www.illusionemploi.org\/wp-content\/uploads\/2024\/09\/communiques-scaled.jpg","type":"image\/jpeg"}],"twitter_card":"summary_large_image","schema":{"@context":"https:\/\/schema.org","@graph":[{"@type":"WebPage","@id":"https:\/\/www.illusionemploi.org\/es\/comunicados\/","url":"https:\/\/www.illusionemploi.org\/es\/comunicados\/","name":"COMUNICADOS - Illusion Emploi","isPartOf":{"@id":"https:\/\/www.illusionemploi.org\/es\/#website"},"primaryImageOfPage":{"@id":"https:\/\/www.illusionemploi.org\/es\/comunicados\/#primaryimage"},"image":{"@id":"https:\/\/www.illusionemploi.org\/es\/comunicados\/#primaryimage"},"thumbnailUrl":"https:\/\/www.illusionemploi.org\/wp-content\/uploads\/2024\/09\/communiques-scaled.jpg","datePublished":"2024-09-25T19:32:04+00:00","dateModified":"2025-10-07T18:45:17+00:00","breadcrumb":{"@id":"https:\/\/www.illusionemploi.org\/es\/comunicados\/#breadcrumb"},"inLanguage":"es","potentialAction":[{"@type":"ReadAction","target":["https:\/\/www.illusionemploi.org\/es\/comunicados\/"]}]},{"@type":"ImageObject","inLanguage":"es","@id":"https:\/\/www.illusionemploi.org\/es\/comunicados\/#primaryimage","url":"https:\/\/www.illusionemploi.org\/wp-content\/uploads\/2024\/09\/communiques-scaled.jpg","contentUrl":"https:\/\/www.illusionemploi.org\/wp-content\/uploads\/2024\/09\/communiques-scaled.jpg"},{"@type":"BreadcrumbList","@id":"https:\/\/www.illusionemploi.org\/es\/comunicados\/#breadcrumb","itemListElement":[{"@type":"ListItem","position":1,"name":"Home","item":"https:\/\/www.illusionemploi.org\/es\/"},{"@type":"ListItem","position":2,"name":"COMUNICADOS"}]},{"@type":"WebSite","@id":"https:\/\/www.illusionemploi.org\/es\/#website","url":"https:\/\/www.illusionemploi.org\/es\/","name":"Illusion Emploi","description":"","publisher":{"@id":"https:\/\/www.illusionemploi.org\/es\/#organization"},"potentialAction":[{"@type":"SearchAction","target":{"@type":"EntryPoint","urlTemplate":"https:\/\/www.illusionemploi.org\/es\/?s={search_term_string}"},"query-input":{"@type":"PropertyValueSpecification","valueRequired":true,"valueName":"search_term_string"}}],"inLanguage":"es"},{"@type":"Organization","@id":"https:\/\/www.illusionemploi.org\/es\/#organization","name":"Illusion Emploi","url":"https:\/\/www.illusionemploi.org\/es\/","logo":{"@type":"ImageObject","inLanguage":"es","@id":"https:\/\/www.illusionemploi.org\/es\/#\/schema\/logo\/image\/","url":"https:\/\/www.illusionemploi.org\/wp-content\/uploads\/2025\/01\/logo-dans-carre.png","contentUrl":"https:\/\/www.illusionemploi.org\/wp-content\/uploads\/2025\/01\/logo-dans-carre.png","width":1000,"height":1000,"caption":"Illusion Emploi"},"image":{"@id":"https:\/\/www.illusionemploi.org\/es\/#\/schema\/logo\/image\/"},"sameAs":["https:\/\/www.facebook.com\/profile.php?id=100068272669446"]}]}},"_links":{"self":[{"href":"https:\/\/www.illusionemploi.org\/es\/wp-json\/wp\/v2\/pages\/2568","targetHints":{"allow":["GET"]}}],"collection":[{"href":"https:\/\/www.illusionemploi.org\/es\/wp-json\/wp\/v2\/pages"}],"about":[{"href":"https:\/\/www.illusionemploi.org\/es\/wp-json\/wp\/v2\/types\/page"}],"author":[{"embeddable":true,"href":"https:\/\/www.illusionemploi.org\/es\/wp-json\/wp\/v2\/users\/3454"}],"replies":[{"embeddable":true,"href":"https:\/\/www.illusionemploi.org\/es\/wp-json\/wp\/v2\/comments?post=2568"}],"version-history":[{"count":1,"href":"https:\/\/www.illusionemploi.org\/es\/wp-json\/wp\/v2\/pages\/2568\/revisions"}],"predecessor-version":[{"id":2570,"href":"https:\/\/www.illusionemploi.org\/es\/wp-json\/wp\/v2\/pages\/2568\/revisions\/2570"}],"wp:attachment":[{"href":"https:\/\/www.illusionemploi.org\/es\/wp-json\/wp\/v2\/media?parent=2568"}],"curies":[{"name":"wp","href":"https:\/\/api.w.org\/{rel}","templated":true}]}}